{"id":46375,"date":"2019-01-01T08:00:40","date_gmt":"2019-01-01T07:00:40","guid":{"rendered":"http:\/\/support.ilevia.com\/faq\/"},"modified":"2025-07-15T11:19:17","modified_gmt":"2025-07-15T09:19:17","slug":"faqs","status":"publish","type":"page","link":"https:\/\/support.ilevia.com\/it\/faqs\/","title":{"rendered":"Domande Frequenti &#8211; FAQs"},"content":{"rendered":"[et_pb_section fb_built=&#8221;1&#8243; _builder_version=&#8221;4.16&#8243; _module_preset=&#8221;default&#8221; min_height=&#8221;300px&#8221; custom_padding=&#8221;50px||100px||false|false&#8221; collapsed=&#8221;off&#8221; global_colors_info=&#8221;{}&#8221;][et_pb_row _builder_version=&#8221;4.16&#8243; _module_preset=&#8221;default&#8221; collapsed=&#8221;on&#8221; global_colors_info=&#8221;{}&#8221;][et_pb_column type=&#8221;4_4&#8243; _builder_version=&#8221;4.16&#8243; _module_preset=&#8221;default&#8221; global_colors_info=&#8221;{}&#8221;][et_pb_text _builder_version=&#8221;4.16&#8243; _module_preset=&#8221;default&#8221; header_font=&#8221;|300|||||||&#8221; header_font_size=&#8221;50px&#8221; header_6_text_color=&#8221;#1c82f1&#8243; global_colors_info=&#8221;{}&#8221;]\n<h1>Domande Frequenti &#8211; FAQs<\/h1>\n[\/et_pb_text][et_pb_text _builder_version=&#8221;4.16&#8243; _module_preset=&#8221;default&#8221; global_colors_info=&#8221;{}&#8221;]\n<p>Le domande pi\u00f9 frequenti sui prodotti Ilevia, le funzionalit\u00e0 software e app, il supporto tecnico e la formazione.<\/p>\n[\/et_pb_text][\/et_pb_column][\/et_pb_row][et_pb_row _builder_version=&#8221;4.16&#8243; _module_preset=&#8221;default&#8221; custom_padding=&#8221;||||false|false&#8221; collapsed=&#8221;on&#8221; global_colors_info=&#8221;{}&#8221;][et_pb_column type=&#8221;4_4&#8243; _builder_version=&#8221;4.16&#8243; _module_preset=&#8221;default&#8221; global_colors_info=&#8221;{}&#8221;][et_pb_accordion open_toggle_text_color=&#8221;#1c82f1&#8243; open_toggle_background_color=&#8221;#FFFFFF&#8221; closed_toggle_text_color=&#8221;#000000&#8243; closed_toggle_background_color=&#8221;#FFFFFF&#8221; toggle_icon=&#8221;&#x33;||divi||400&#8243; icon_color=&#8221;#000000&#8243; use_icon_font_size=&#8221;on&#8221; icon_font_size=&#8221;30px&#8221; _builder_version=&#8221;4.27.4&#8243; _module_preset=&#8221;default&#8221; toggle_text_color=&#8221;#000000&#8243; toggle_level=&#8221;h3&#8243; closed_toggle_font_size=&#8221;22px&#8221; border_width_all=&#8221;0px&#8221; border_width_bottom=&#8221;1px&#8221; border_color_bottom=&#8221;#000000&#8243; global_colors_info=&#8221;{}&#8221;][et_pb_accordion_item title=&#8221;1. Esiste una demo del sistema di supervisione Ilevia?&#8221; open=&#8221;on&#8221; _builder_version=&#8221;4.27.4&#8243; _module_preset=&#8221;default&#8221; global_colors_info=&#8221;{}&#8221;]\n<div class=\"et_pb_module et_pb_text et_pb_text_4  et_pb_text_align_left et_pb_bg_layout_light\">\n<div class=\"et_pb_text_inner\">\n<p>S\u00ec, abbiamo realizzato una demo per permetterti di provare la user experience della supervisione Ilevia. Puoi provarla seguendo questo <a href=\"https:\/\/app.ilevia.com\/\" target=\"_blank\" rel=\"noopener\">link<\/a>.<\/p>\n<\/div>\n<\/div>\n[\/et_pb_accordion_item][et_pb_accordion_item title=&#8221;2. \u00c8 possibile eseguire dei test sul sistema Ilevia prima di effettuare un ordine?&#8221; _builder_version=&#8221;4.16&#8243; _module_preset=&#8221;default&#8221; global_colors_info=&#8221;{}&#8221;]\n<div class=\"et_pb_module et_pb_text et_pb_text_4  et_pb_text_align_left et_pb_bg_layout_light\">\n<div class=\"et_pb_text_inner\">\n<p>S\u00ec, \u00e8 possibile eseguire dei test utilizzando la versione gratuita del software Ilevia per macchina virtuale e Raspberry Pi. Maggiori informazioni <a href=\"https:\/\/support.ilevia.com\/quickstart\/\" target=\"_blank\" rel=\"noopener\">qui<\/a>.<\/p>\n<\/div>\n<\/div>\n[\/et_pb_accordion_item][et_pb_accordion_item title=&#8221;3. La versione gratuita del software Ilevia ha delle limitazioni per i test?&#8221; _builder_version=&#8221;4.16&#8243; _module_preset=&#8221;default&#8221; global_colors_info=&#8221;{}&#8221;]\n<div class=\"et_pb_module et_pb_text et_pb_text_4  et_pb_text_align_left et_pb_bg_layout_light\">\n<div class=\"et_pb_text_inner\">\n<div class=\"et_pb_module et_pb_text et_pb_text_2  et_pb_text_align_left et_pb_bg_layout_light\">\n<div class=\"et_pb_text_inner\">\n<p>La versione gratuita del software Ilevia non ha limitazioni in termini di funzionalit\u00e0. Il tempo di funzionamento del software \u00e8 per\u00f2 limitato a 168 ore di funzionamento.<strong><br \/><\/strong><\/p>\n<\/div>\n<\/div>\n<\/div>\n<\/div>\n[\/et_pb_accordion_item][et_pb_accordion_item title=&#8221;4. Ci sono costi aggiuntivi per gestire pi\u00f9 indirizzi di gruppo KNX o altri sistemi?&#8221; _builder_version=&#8221;4.16&#8243; _module_preset=&#8221;default&#8221; global_colors_info=&#8221;{}&#8221;]\n<div class=\"et_pb_module et_pb_text et_pb_text_4  et_pb_text_align_left et_pb_bg_layout_light\">\n<div class=\"et_pb_text_inner\">\n<div class=\"et_pb_module et_pb_text et_pb_text_2  et_pb_text_align_left et_pb_bg_layout_light\">\n<div class=\"et_pb_text_inner\">\n<p align=\"JUSTIFY\">No, non ci sono costi aggiuntivi per gestire pi\u00f9 indirizzi di gruppo KNX o altri sistemi (es. Modbus). Ilevia X1 \u00e8 una soluzione All-In-One che supporta diversi protocolli e sistemi e che fornisce innumerevoli moduli software. Tutto questo \u00e8 disponibile senza limitazioni in un&#8217;unica licenza d&#8217;uso illimitata.<strong><br \/><\/strong><\/p>\n<\/div>\n<\/div>\n<\/div>\n<\/div>\n[\/et_pb_accordion_item][et_pb_accordion_item title=&#8221;5. Gli aggiornamenti sono inclusi? Qual \u00e8 la vostra politica per gli upgrade del sistema Ilevia?&#8221; _builder_version=&#8221;4.16&#8243; _module_preset=&#8221;default&#8221; global_colors_info=&#8221;{}&#8221;]\n<div class=\"et_pb_module et_pb_text et_pb_text_4  et_pb_text_align_left et_pb_bg_layout_light\">\n<div class=\"et_pb_text_inner\">\n<div class=\"et_pb_module et_pb_text et_pb_text_2  et_pb_text_align_left et_pb_bg_layout_light\">\n<div class=\"et_pb_text_inner\">\n<p align=\"JUSTIFY\">Tutti gli aggiornamenti di sistema Ilevia (non sono automatici) sono inclusi, quindi gratuiti, per tutti i software, protocolli, sistemi e moduli supportati al momento dell&#8217;acquisto. Per l&#8217;utilizzo di protocolli, sistemi e\/o moduli software implementati dopo il tuo acquisto, richiediamo un upgrade all&#8217;ultima versione software disponibile pagabile su richiesta o su base annuale per mantenere il tuo sistema Ilevia sempre all&#8217;ultima versione disponibile.<\/p>\n<\/div>\n<\/div>\n<\/div>\n<\/div>\n[\/et_pb_accordion_item][et_pb_accordion_item title=&#8221;6. Come fornite l&#8217;assistenza tecnica e la formazione necessari?&#8221; _builder_version=&#8221;4.16&#8243; _module_preset=&#8221;default&#8221; global_colors_info=&#8221;{}&#8221;]\n<div class=\"et_pb_module et_pb_text et_pb_text_4  et_pb_text_align_left et_pb_bg_layout_light\">\n<div class=\"et_pb_text_inner\">\n<div class=\"et_pb_module et_pb_text et_pb_text_2  et_pb_text_align_left et_pb_bg_layout_light\">\n<div class=\"et_pb_text_inner\">\n<p align=\"JUSTIFY\">Il nostro team \u00e8 a tua disposizione durante tutto l&#8217;orario di lavoro. Puoi raggiungerci utilizzando la linea diretta dell&#8217;assistanza tecnica o scrivendo all&#8217;indirizzo email dedicato (no ticket). Puoi contattarci anche su Skype e fissare appuntamenti dedicati per risolvere ogni possibile problema. I nostri sforzi mirano a un supporto maniacale per fornirti la migliore esperienza di servizio che potresti desiderare dal tuo fornitore. Ti supportiamo con un sito tecnico dedicato che raccoglie tutti i contenuti tecnici utili a fugare ogni dubbio sul sistema e che ti permette di imparare da solo prima di richiedere il nostro eventuale aiuto.<\/p>\n<\/div>\n<\/div>\n<\/div>\n<\/div>\n[\/et_pb_accordion_item][et_pb_accordion_item title=&#8221;7. I dispositivi KNX possono essere configurati utilizzando ETS tramite il server Ilevia X1?&#8221; _builder_version=&#8221;4.16&#8243; _module_preset=&#8221;default&#8221; global_colors_info=&#8221;{}&#8221;]\n<div class=\"et_pb_module et_pb_text et_pb_text_4  et_pb_text_align_left et_pb_bg_layout_light\">\n<div class=\"et_pb_text_inner\">\n<div class=\"et_pb_module et_pb_text et_pb_text_2  et_pb_text_align_left et_pb_bg_layout_light\">\n<div class=\"et_pb_text_inner\">\n<p align=\"JUSTIFY\">S\u00ec, i dispositivi KNX possono essere configurati utilizzando ETS tramite il server Ilevia X1, anche da remoto aprendo la porta del router richiesta allo scopo.<\/p>\n<\/div>\n<\/div>\n<\/div>\n<\/div>\n[\/et_pb_accordion_item][et_pb_accordion_item title=&#8221;8. \u00c8 necessario installare il Web Server By-me per connettersi al bus?&#8221; _builder_version=&#8221;4.16&#8243; _module_preset=&#8221;default&#8221; global_colors_info=&#8221;{}&#8221;]\n<div class=\"et_pb_module et_pb_text et_pb_text_4  et_pb_text_align_left et_pb_bg_layout_light\">\n<div class=\"et_pb_text_inner\">No, non \u00e8 necessario installare il Web Server By-me perch\u00e9 il server Ilevia X1 prevede un nodo KNX per collegarsi direttamente alla rete bus.<\/div>\n<\/div>\n[\/et_pb_accordion_item][et_pb_accordion_item title=&#8221;9. Il sistema Ilevia pu\u00f2 essere integrato da altri sistemi BMS?&#8221; _builder_version=&#8221;4.16&#8243; _module_preset=&#8221;default&#8221; global_colors_info=&#8221;{}&#8221;]\n<div class=\"et_pb_module et_pb_text et_pb_text_4  et_pb_text_align_left et_pb_bg_layout_light\">\n<div>S\u00ec, il sistema Ilevia pu\u00f2 essere integrato da altri sistemi BMS tramite il protocollo MQTT.<\/div>\n<\/div>\n[\/et_pb_accordion_item][et_pb_accordion_item title=&#8221;10. La soluzione Ilevia \u00e8 un sistema basato su cloud?&#8221; _builder_version=&#8221;4.16&#8243; _module_preset=&#8221;default&#8221; global_colors_info=&#8221;{}&#8221;]\n<div class=\"et_pb_module et_pb_text et_pb_text_4  et_pb_text_align_left et_pb_bg_layout_light\">\n<div>No, la soluzione Ilevia non richiede necessariamente l&#8217;utilizzo del cloud e funziona localmente anche in assenza di connessione internet.<\/div>\n<\/div>\n[\/et_pb_accordion_item][\/et_pb_accordion][\/et_pb_column][\/et_pb_row][\/et_pb_section]\n","protected":false},"excerpt":{"rendered":"<p>Domande Frequenti &#8211; FAQsLe domande pi\u00f9 frequenti sui prodotti Ilevia, le funzionalit\u00e0 software e app, il supporto tecnico e la formazione. S\u00ec, abbiamo realizzato una demo per permetterti di provare la user experience della supervisione Ilevia. Puoi provarla seguendo questo link. S\u00ec, \u00e8 possibile eseguire dei test utilizzando la versione gratuita del software Ilevia per [&hellip;]<\/p>\n","protected":false},"author":4,"featured_media":0,"parent":0,"menu_order":0,"comment_status":"closed","ping_status":"closed","template":"","meta":{"_et_pb_use_builder":"on","_et_pb_old_content":"","_et_gb_content_width":"","inline_featured_image":false,"footnotes":""},"class_list":["post-46375","page","type-page","status-publish","hentry"],"yoast_head":"<!-- This site is optimized with the Yoast SEO plugin v27.3 - https:\/\/yoast.com\/product\/yoast-seo-wordpress\/ -->\n<title>Domande Frequenti - FAQs | Ilevia Support<\/title>\n<meta name=\"description\" content=\"FAQs. Qui si possono trovare le domande pi\u00f9 frequenti sui prodotti Ilevia, le funzionalit\u00e0 software e app, il supporto tecnico e la formazione.\" \/>\n<meta name=\"robots\" content=\"index, follow, max-snippet:-1, max-image-preview:large, max-video-preview:-1\" \/>\n<link rel=\"canonical\" href=\"https:\/\/support.ilevia.com\/en\/faqs\/\" \/>\n<meta name=\"twitter:label1\" content=\"Tempo di lettura stimato\" \/>\n\t<meta name=\"twitter:data1\" content=\"4 minuti\" \/>\n<script type=\"application\/ld+json\" class=\"yoast-schema-graph\">{\"@context\":\"https:\\\/\\\/schema.org\",\"@graph\":[{\"@type\":\"WebPage\",\"@id\":\"https:\\\/\\\/support.ilevia.com\\\/en\\\/faqs\\\/\",\"url\":\"https:\\\/\\\/support.ilevia.com\\\/en\\\/faqs\\\/\",\"name\":\"Domande Frequenti - FAQs | Ilevia Support\",\"isPartOf\":{\"@id\":\"https:\\\/\\\/support.ilevia.com\\\/en\\\/#website\"},\"datePublished\":\"2019-01-01T07:00:40+00:00\",\"dateModified\":\"2025-07-15T09:19:17+00:00\",\"description\":\"FAQs. Qui si possono trovare le domande pi\u00f9 frequenti sui prodotti Ilevia, le funzionalit\u00e0 software e app, il supporto tecnico e la formazione.\",\"breadcrumb\":{\"@id\":\"https:\\\/\\\/support.ilevia.com\\\/en\\\/faqs\\\/#breadcrumb\"},\"inLanguage\":\"it-IT\",\"potentialAction\":[{\"@type\":\"ReadAction\",\"target\":[\"https:\\\/\\\/support.ilevia.com\\\/en\\\/faqs\\\/\"]}]},{\"@type\":\"BreadcrumbList\",\"@id\":\"https:\\\/\\\/support.ilevia.com\\\/en\\\/faqs\\\/#breadcrumb\",\"itemListElement\":[{\"@type\":\"ListItem\",\"position\":1,\"name\":\"Home\",\"item\":\"https:\\\/\\\/support.ilevia.com\\\/it\\\/\"},{\"@type\":\"ListItem\",\"position\":2,\"name\":\"Domande Frequenti &#8211; FAQs\"}]},{\"@type\":\"WebSite\",\"@id\":\"https:\\\/\\\/support.ilevia.com\\\/en\\\/#website\",\"url\":\"https:\\\/\\\/support.ilevia.com\\\/en\\\/\",\"name\":\"Ilevia Support\",\"description\":\"Assistance &amp; Technical Guides\",\"publisher\":{\"@id\":\"https:\\\/\\\/support.ilevia.com\\\/en\\\/#organization\"},\"potentialAction\":[{\"@type\":\"SearchAction\",\"target\":{\"@type\":\"EntryPoint\",\"urlTemplate\":\"https:\\\/\\\/support.ilevia.com\\\/en\\\/?s={search_term_string}\"},\"query-input\":{\"@type\":\"PropertyValueSpecification\",\"valueRequired\":true,\"valueName\":\"search_term_string\"}}],\"inLanguage\":\"it-IT\"},{\"@type\":\"Organization\",\"@id\":\"https:\\\/\\\/support.ilevia.com\\\/en\\\/#organization\",\"name\":\"Ilevia\",\"url\":\"https:\\\/\\\/support.ilevia.com\\\/en\\\/\",\"logo\":{\"@type\":\"ImageObject\",\"inLanguage\":\"it-IT\",\"@id\":\"https:\\\/\\\/support.ilevia.com\\\/en\\\/#\\\/schema\\\/logo\\\/image\\\/\",\"url\":\"http:\\\/\\\/support.ilevia.com\\\/wp-content\\\/uploads\\\/2018\\\/12\\\/ilevia.png\",\"contentUrl\":\"http:\\\/\\\/support.ilevia.com\\\/wp-content\\\/uploads\\\/2018\\\/12\\\/ilevia.png\",\"width\":500,\"height\":500,\"caption\":\"Ilevia\"},\"image\":{\"@id\":\"https:\\\/\\\/support.ilevia.com\\\/en\\\/#\\\/schema\\\/logo\\\/image\\\/\"},\"sameAs\":[\"https:\\\/\\\/www.facebook.com\\\/ileviaofficial\\\/\",\"https:\\\/\\\/www.instagram.com\\\/ilevia_official\\\/\",\"https:\\\/\\\/it.linkedin.com\\\/company\\\/ilevia\\\/\",\"https:\\\/\\\/www.youtube.com\\\/ilevia\\\/\"]}]}<\/script>\n<!-- \/ Yoast SEO plugin. -->","yoast_head_json":{"title":"Domande Frequenti - FAQs | Ilevia Support","description":"FAQs. Qui si possono trovare le domande pi\u00f9 frequenti sui prodotti Ilevia, le funzionalit\u00e0 software e app, il supporto tecnico e la formazione.","robots":{"index":"index","follow":"follow","max-snippet":"max-snippet:-1","max-image-preview":"max-image-preview:large","max-video-preview":"max-video-preview:-1"},"canonical":"https:\/\/support.ilevia.com\/en\/faqs\/","twitter_misc":{"Tempo di lettura stimato":"4 minuti"},"schema":{"@context":"https:\/\/schema.org","@graph":[{"@type":"WebPage","@id":"https:\/\/support.ilevia.com\/en\/faqs\/","url":"https:\/\/support.ilevia.com\/en\/faqs\/","name":"Domande Frequenti - FAQs | Ilevia Support","isPartOf":{"@id":"https:\/\/support.ilevia.com\/en\/#website"},"datePublished":"2019-01-01T07:00:40+00:00","dateModified":"2025-07-15T09:19:17+00:00","description":"FAQs. Qui si possono trovare le domande pi\u00f9 frequenti sui prodotti Ilevia, le funzionalit\u00e0 software e app, il supporto tecnico e la formazione.","breadcrumb":{"@id":"https:\/\/support.ilevia.com\/en\/faqs\/#breadcrumb"},"inLanguage":"it-IT","potentialAction":[{"@type":"ReadAction","target":["https:\/\/support.ilevia.com\/en\/faqs\/"]}]},{"@type":"BreadcrumbList","@id":"https:\/\/support.ilevia.com\/en\/faqs\/#breadcrumb","itemListElement":[{"@type":"ListItem","position":1,"name":"Home","item":"https:\/\/support.ilevia.com\/it\/"},{"@type":"ListItem","position":2,"name":"Domande Frequenti &#8211; FAQs"}]},{"@type":"WebSite","@id":"https:\/\/support.ilevia.com\/en\/#website","url":"https:\/\/support.ilevia.com\/en\/","name":"Ilevia Support","description":"Assistance &amp; Technical Guides","publisher":{"@id":"https:\/\/support.ilevia.com\/en\/#organization"},"potentialAction":[{"@type":"SearchAction","target":{"@type":"EntryPoint","urlTemplate":"https:\/\/support.ilevia.com\/en\/?s={search_term_string}"},"query-input":{"@type":"PropertyValueSpecification","valueRequired":true,"valueName":"search_term_string"}}],"inLanguage":"it-IT"},{"@type":"Organization","@id":"https:\/\/support.ilevia.com\/en\/#organization","name":"Ilevia","url":"https:\/\/support.ilevia.com\/en\/","logo":{"@type":"ImageObject","inLanguage":"it-IT","@id":"https:\/\/support.ilevia.com\/en\/#\/schema\/logo\/image\/","url":"http:\/\/support.ilevia.com\/wp-content\/uploads\/2018\/12\/ilevia.png","contentUrl":"http:\/\/support.ilevia.com\/wp-content\/uploads\/2018\/12\/ilevia.png","width":500,"height":500,"caption":"Ilevia"},"image":{"@id":"https:\/\/support.ilevia.com\/en\/#\/schema\/logo\/image\/"},"sameAs":["https:\/\/www.facebook.com\/ileviaofficial\/","https:\/\/www.instagram.com\/ilevia_official\/","https:\/\/it.linkedin.com\/company\/ilevia\/","https:\/\/www.youtube.com\/ilevia\/"]}]}},"_links":{"self":[{"href":"https:\/\/support.ilevia.com\/it\/wp-json\/wp\/v2\/pages\/46375","targetHints":{"allow":["GET"]}}],"collection":[{"href":"https:\/\/support.ilevia.com\/it\/wp-json\/wp\/v2\/pages"}],"about":[{"href":"https:\/\/support.ilevia.com\/it\/wp-json\/wp\/v2\/types\/page"}],"author":[{"embeddable":true,"href":"https:\/\/support.ilevia.com\/it\/wp-json\/wp\/v2\/users\/4"}],"replies":[{"embeddable":true,"href":"https:\/\/support.ilevia.com\/it\/wp-json\/wp\/v2\/comments?post=46375"}],"version-history":[{"count":16,"href":"https:\/\/support.ilevia.com\/it\/wp-json\/wp\/v2\/pages\/46375\/revisions"}],"predecessor-version":[{"id":80505,"href":"https:\/\/support.ilevia.com\/it\/wp-json\/wp\/v2\/pages\/46375\/revisions\/80505"}],"wp:attachment":[{"href":"https:\/\/support.ilevia.com\/it\/wp-json\/wp\/v2\/media?parent=46375"}],"curies":[{"name":"wp","href":"https:\/\/api.w.org\/{rel}","templated":true}]}}