{"id":21786,"date":"2020-09-08T10:52:21","date_gmt":"2020-09-08T08:52:21","guid":{"rendered":"http:\/\/support.ilevia.com\/?page_id=21786"},"modified":"2025-08-07T09:10:36","modified_gmt":"2025-08-07T07:10:36","slug":"integrazione-protocollo-mqtt","status":"publish","type":"page","link":"https:\/\/support.ilevia.com\/it\/integrazione-protocollo-mqtt\/","title":{"rendered":"Integrazione protocollo MQTT"},"content":{"rendered":"[et_pb_section fb_built=&#8221;1&#8243; _builder_version=&#8221;4.16&#8243; _module_preset=&#8221;default&#8221; custom_padding=&#8221;0px|||||&#8221; global_colors_info=&#8221;{}&#8221;][et_pb_row _builder_version=&#8221;4.16&#8243; _module_preset=&#8221;default&#8221; custom_margin=&#8221;10px||||false|false&#8221; custom_padding=&#8221;||0px||false|false&#8221; global_colors_info=&#8221;{}&#8221;][et_pb_column type=&#8221;4_4&#8243; _builder_version=&#8221;4.16&#8243; _module_preset=&#8221;default&#8221; global_colors_info=&#8221;{}&#8221;][et_pb_button button_url=&#8221;https:\/\/support.ilevia.com\/it&#8221; button_text=&#8221;Home&#8221; _builder_version=&#8221;4.17.4&#8243; _module_preset=&#8221;default&#8221; custom_button=&#8221;on&#8221; button_text_size=&#8221;14px&#8221; button_text_color=&#8221;#1d88fd&#8221; button_bg_color=&#8221;RGBA(255,255,255,0)&#8221; button_border_width=&#8221;0px&#8221; button_border_color=&#8221;RGBA(255,255,255,0)&#8221; button_icon=&#8221;&#x23;||divi||400&#8243; button_icon_color=&#8221;#1d88fd&#8221; button_icon_placement=&#8221;left&#8221; button_on_hover=&#8221;off&#8221; custom_margin=&#8221;||10px||false|false&#8221; locked=&#8221;off&#8221; global_colors_info=&#8221;{}&#8221;][\/et_pb_button][et_pb_text _builder_version=&#8221;4.27.4&#8243; _module_preset=&#8221;default&#8221; custom_margin=&#8221;20px||||false|false&#8221; hover_enabled=&#8221;0&#8243; global_colors_info=&#8221;{}&#8221; sticky_enabled=&#8221;0&#8243;]\n<h1 style=\"text-align: center;\"><strong>INTEGRAZIONE PROTOCOLLO MQTT CON IL SISTEMA ILEVIA<\/strong><\/h1>\n[\/et_pb_text][et_pb_divider color=&#8221;#0c71c3&#8243; divider_weight=&#8221;3px&#8221; _builder_version=&#8221;4.16&#8243; max_width=&#8221;32%&#8221; module_alignment=&#8221;center&#8221; custom_margin=&#8221;||2px|||&#8221; locked=&#8221;off&#8221; global_colors_info=&#8221;{}&#8221;][\/et_pb_divider][\/et_pb_column][\/et_pb_row][et_pb_row _builder_version=&#8221;4.16&#8243; _module_preset=&#8221;default&#8221; custom_margin=&#8221;30px||||false|false&#8221; custom_padding=&#8221;0px|0px|0|0px|false|false&#8221; global_colors_info=&#8221;{}&#8221;][et_pb_column type=&#8221;4_4&#8243; _builder_version=&#8221;4.16&#8243; _module_preset=&#8221;default&#8221; global_colors_info=&#8221;{}&#8221;][et_pb_text _builder_version=&#8221;4.27.4&#8243; _module_preset=&#8221;a92bc63f-f8c1-46c1-ba44-56af7daeccb2&#8243; header_text_color=&#8221;#000000&#8243; max_height=&#8221;1000px&#8221; custom_margin=&#8221;-10px||||false|false&#8221; hover_enabled=&#8221;0&#8243; global_colors_info=&#8221;{}&#8221; sticky_enabled=&#8221;0&#8243;]\n<blockquote>\n<h3><strong>Info e configurazioni dei dispositivi compatibili con protocollo MQTT con il sistema Ilevia:<\/strong><\/h3>\n<\/blockquote>\n<p><b>Prime configurazioni:<\/b><br \/>\n&ensp; <\/p>\n<ul>\n<li><a href=\"https:\/\/support.ilevia.com\/it\/all\/i-topic-e-il-payload\/\" rel=\"noopener noreferrer\">Propriet\u00e0 Protocollo MQTT all&#8217;interno del software di configurazione Ilevia Manager<\/a><\/li>\n<li><a href=\"https:\/\/support.ilevia.com\/it\/all\/dispositivi-shelly-con-protocollo-mqtt\/\" rel=\"noopener noreferrer\">Protocollo MQTT con shelly<\/a><\/li>\n<li><a href=\"https:\/\/support.ilevia.com\/it\/all\/i-topic-e-il-payload\/\"><\/a><a href=\"https:\/\/support.ilevia.com\/it\/all\/i-topic-e-il-payload\/\" rel=\"noopener noreferrer\">Cos&#8217;\u00e8 un topic e cos&#8217;\u00e8 un payload<\/a><\/li>\n<li><a href=\"https:\/\/support.ilevia.com\/it\/shelly-it\/come-impostare-il-software-di-debug-mqtt\/\" rel=\"noopener noreferrer\">Come configurare il software MQTT fx<\/a><\/li>\n<li><a href=\"https:\/\/support.ilevia.com\/it\/shelly-it\/come-trovare-lid-dispositivo-allinterno-della-interfaccia-web-di-shelly\/\" rel=\"noopener noreferrer\">Come trovare l&#8217;ID del dispositivo all&#8217;interno della pagina di configurazione web di shelly<\/a><\/li>\n<li><a href=\"https:\/\/support.ilevia.com\/it\/shelly-it\/creazione-gateway-mqtt-software-automazione-eve-manager\/\" rel=\"noopener noreferrer\">Come creare un nuovo MQTT gateway all&#8217;interno del software Ilevia Manager<\/a><\/li>\n<\/ul>\n[\/et_pb_text][\/et_pb_column][\/et_pb_row][et_pb_row _builder_version=&#8221;4.24.0&#8243; _module_preset=&#8221;default&#8221; custom_margin=&#8221;30px||||false|false&#8221; global_colors_info=&#8221;{}&#8221;][et_pb_column type=&#8221;4_4&#8243; _builder_version=&#8221;4.24.0&#8243; _module_preset=&#8221;default&#8221; global_colors_info=&#8221;{}&#8221;][et_pb_text _builder_version=&#8221;4.24.0&#8243; _module_preset=&#8221;default&#8221; global_colors_info=&#8221;{}&#8221;]\n<h1 style=\"text-align:center\">INTEGRAZIONE MQTT DI ILEVIA<\/h1>\n[\/et_pb_text][et_pb_divider color=&#8221;#0c71c3&#8243; divider_weight=&#8221;3px&#8221; _builder_version=&#8221;4.16&#8243; max_width=&#8221;32%&#8221; module_alignment=&#8221;center&#8221; custom_margin=&#8221;||2px|||&#8221; locked=&#8221;off&#8221; global_colors_info=&#8221;{}&#8221;][\/et_pb_divider][\/et_pb_column][\/et_pb_row][et_pb_row column_structure=&#8221;1_3,1_3,1_3&#8243; _builder_version=&#8221;4.24.0&#8243; _module_preset=&#8221;default&#8221; global_colors_info=&#8221;{}&#8221;][et_pb_column type=&#8221;1_3&#8243; _builder_version=&#8221;4.24.0&#8243; _module_preset=&#8221;default&#8221; global_colors_info=&#8221;{}&#8221;][et_pb_image src=&#8221;https:\/\/support.ilevia.com\/wp-content\/uploads\/2020\/02\/shelly-logo-1.png&#8221; title_text=&#8221;shelly-logo&#8221; url=&#8221;https:\/\/www.shelly.com&#8221; url_new_window=&#8221;on&#8221; _builder_version=&#8221;4.24.0&#8243; _module_preset=&#8221;default&#8221; max_width=&#8221;65%&#8221; border_radii=&#8221;on|20px|20px|20px|20px&#8221; border_width_all=&#8221;1px&#8221; box_shadow_style=&#8221;preset3&#8243; global_colors_info=&#8221;{}&#8221;][\/et_pb_image][et_pb_text _builder_version=&#8221;4.27.4&#8243; _module_preset=&#8221;default&#8221; global_colors_info=&#8221;{}&#8221;]\n<blockquote>\n<h4>Dispositivi Shelly<\/h4>\n<\/blockquote>\n[\/et_pb_text][et_pb_toggle title=&#8221;Dispositivi 1\u00b0 generazione&#8221; open_toggle_text_color=&#8221;#0C71C3&#8243; open_toggle_background_color=&#8221;#FFFFFF&#8221; closed_toggle_background_color=&#8221;#FFFFFF&#8221; icon_color=&#8221;gcid-secondary-color&#8221; toggle_icon=&#8221;&#x3b;||divi||400&#8243; open_icon_color=&#8221;gcid-secondary-color&#8221; open_toggle_icon=&#8221;&#x3a;||divi||400&#8243; _builder_version=&#8221;4.27.4&#8243; _module_preset=&#8221;default&#8221; title_text_color=&#8221;#000000&#8243; title_text_align=&#8221;left&#8221; title_font_size=&#8221;16px&#8221; width=&#8221;86%&#8221; custom_margin=&#8221;-15px||||false|false&#8221; border_color_all=&#8221;#FFFFFF&#8221; icon_color__hover_enabled=&#8221;off|desktop&#8221; global_colors_info=&#8221;{%22gcid-secondary-color%22:%91%22icon_color%22,%22open_icon_color%22%93}&#8221;]<strong>Confiugrazione dispositivi shelly:<\/strong><br \/>\n&ensp; <\/p>\n<ul>\n<li><a href=\"https:\/\/support.ilevia.com\/it\/all\/come-impostare-il-dispositivo-shelly-em-allinterno-del-sistema-di-automazione-ilevia\/\" rel=\"noopener noreferrer\">Shelly EM<\/a><\/li>\n<li><a href=\"https:\/\/support.ilevia.com\/it\/shelly-it\/come-impostare-gli-shelly-plugs-nel-programma-di-supervisione-eve-manager\/\" rel=\"noopener noreferrer\">Shelly plug-s<\/a><\/li>\n<li><a href=\"https:\/\/support.ilevia.com\/it\/all\/come-impostare-il-dispositivo-shelly-4-pro-con-lmqtt\/\" rel=\"noopener noreferrer\">Shelly 4 pro<\/a><\/li>\n<li><a href=\"https:\/\/support.ilevia.com\/it\/all\/come-impostare-il-dispositivo-shelly-flood-allinterno-del-sistema-domotico-eve\/\" rel=\"noopener noreferrer\">Shelly flood<\/a><\/li>\n<li><a href=\"https:\/\/support.ilevia.com\/it\/all\/come-impostare-il-dispositivo-shelly-dimmer-allinterno-del-software-di-configurazione-eve-manager\/\" rel=\"noopener noreferrer\">Shelly Dimmer<\/a><\/li>\n<li><a href=\"https:\/\/support.ilevia.com\/it\/shelly-it\/come-impostare-il-dispositivo-shelly-1-1pm-sul-software-di-supervisione-eve-manager\/\" rel=\"noopener noreferrer\">Shelly 1\/1pm<\/a><\/li>\n<li><a href=\"https:\/\/support.ilevia.com\/it\/all\/come-impostare-il-dispositivo-shelly-rgbw2-nel-sistema-di-automazione-eve\/\" rel=\"noopener noreferrer\">Shelly RGBw2<\/a><\/li>\n<li><a href=\"https:\/\/support.ilevia.com\/it\/shelly-it\/come-impostare-il-dispositivo-shelly-25-con-il-protocollo-mqtt\/\" rel=\"noopener noreferrer\">Shelly 2.5<\/a><\/li>\n<li><a href=\"https:\/\/support.ilevia.com\/it\/all\/come-impostare-il-dispositivo-shelly-ht-allinterno-del-software-per-la-configurazione-della-domotica-eve-manager-pro\/\" rel=\"noopener noreferrer\">Shelly H&amp;T<\/a><\/li>\n<li><a href=\"https:\/\/support.ilevia.com\/it\/all\/come-impostare-il-dispositivo-shelly-door-window-2-allinterno-del-sistema-domotico-eve\/\" rel=\"noopener noreferrer\">Shelly Doors\/Windows<\/a><\/li>\n<li><a href=\"https:\/\/support.ilevia.com\/it\/all\/come-impostare-il-dispositivo-shelly-i3-allinterno-del-software-per-la-configurazione-della-domotica-eve-manager-pro\/\" rel=\"noopener noreferrer\">Shelly i3<\/a><\/li>\n<li><a href=\"https:\/\/support.ilevia.com\/it\/all\/come-impostare-il-dispositivo-shelly-duo-bulb-allinterno-del-software-di-configurazione-eve-manager-pro-tramite-il-protocollo-mqtt\/\" rel=\"noopener noreferrer\">Shelly Duo Bulb<\/a><\/li>\n<li><a href=\"https:\/\/support.ilevia.com\/it\/shelly-it\/come-integrare-il-dispositivo-shelly-trv-con-il-sistema-ilevia\/\">Shelly TRV<\/a><\/li>\n<li><a href=\"https:\/\/support.ilevia.com\/it\/shelly-it\/integrazione-dispositivo-shelly-motion-con-ilevia\/\">Shelly Motion<\/a><\/li>\n<\/ul>\n[\/et_pb_toggle][et_pb_toggle title=&#8221;Dispositivi 2\u00b0 generazione&#8221; open_toggle_text_color=&#8221;#0C71C3&#8243; open_toggle_background_color=&#8221;#FFFFFF&#8221; closed_toggle_background_color=&#8221;#FFFFFF&#8221; icon_color=&#8221;gcid-secondary-color&#8221; toggle_icon=&#8221;&#x3b;||divi||400&#8243; open_icon_color=&#8221;gcid-secondary-color&#8221; open_toggle_icon=&#8221;&#x3a;||divi||400&#8243; _builder_version=&#8221;4.27.4&#8243; _module_preset=&#8221;default&#8221; title_text_color=&#8221;#000000&#8243; title_text_align=&#8221;left&#8221; title_font_size=&#8221;16px&#8221; width=&#8221;86%&#8221; custom_margin=&#8221;-40px||||false|false&#8221; border_color_all=&#8221;#FFFFFF&#8221; locked=&#8221;off&#8221; global_colors_info=&#8221;{%22gcid-secondary-color%22:%91%22icon_color%22,%22open_icon_color%22,%22icon_color%22,%22open_icon_color%22,%22icon_color%22,%22open_icon_color%22,%22icon_color%22,%22open_icon_color%22%93}&#8221;]<strong>Confiugrazione dispositivi shelly:<\/strong><br \/>\n&ensp; <\/p>\n<ul>\n<li><a href=\"https:\/\/support.ilevia.com\/it\/non-categorizzato\/integrazione-del-dispositivo-shelly-plus-1-con-il-sistema-ilevia\/\" rel=\"noopener\">Shelly Plus 1<\/a><\/li>\n<li><a href=\"https:\/\/support.ilevia.com\/it\/shelly-it\/integrazione-shelly-plus-ht-con-ilevia\/\">Shelly Plus H&#038;T<\/a><\/li>\n<\/ul>\n[\/et_pb_toggle][\/et_pb_column][et_pb_column type=&#8221;1_3&#8243; _builder_version=&#8221;4.24.0&#8243; _module_preset=&#8221;default&#8221; global_colors_info=&#8221;{}&#8221;][et_pb_image src=&#8221;https:\/\/support.ilevia.com\/wp-content\/uploads\/2024\/01\/nuki-logo.png&#8221; title_text=&#8221;nuki-logo&#8221; url=&#8221;https:\/\/nuki.io\/en\/&#8221; url_new_window=&#8221;on&#8221; _builder_version=&#8221;4.24.0&#8243; _module_preset=&#8221;default&#8221; max_width=&#8221;65%&#8221; border_radii=&#8221;on|20px|20px|20px|20px&#8221; border_width_all=&#8221;1px&#8221; box_shadow_style=&#8221;preset3&#8243; locked=&#8221;off&#8221; global_colors_info=&#8221;{}&#8221;][\/et_pb_image][et_pb_text _builder_version=&#8221;4.24.0&#8243; _module_preset=&#8221;default&#8221; locked=&#8221;off&#8221; global_colors_info=&#8221;{}&#8221;]\n<blockquote>\n<h4>Dispositivi Nuki<\/h4>\n<\/blockquote>\n<p><strong>Configurazione dispositivi Nuki<\/strong><\/p>\n<p><strong><\/strong><\/p>\n<ul>\n<li><a href=\"https:\/\/support.ilevia.com\/it\/archivi\/integrazione-della-serratura-smart-di-nuki-con-il-sistema-di-supervisione-di-ilevia\/\">Nuki smart lock<\/a><\/li>\n<\/ul>\n[\/et_pb_text][\/et_pb_column][et_pb_column type=&#8221;1_3&#8243; _builder_version=&#8221;4.24.0&#8243; _module_preset=&#8221;default&#8221; global_colors_info=&#8221;{}&#8221;][\/et_pb_column][\/et_pb_row][\/et_pb_section]\n","protected":false},"excerpt":{"rendered":"<p>INTEGRAZIONE PROTOCOLLO MQTT CON IL SISTEMA ILEVIA Info e configurazioni dei dispositivi compatibili con protocollo MQTT con il sistema Ilevia: Prime configurazioni: &ensp; Propriet\u00e0 Protocollo MQTT all&#8217;interno del software di configurazione Ilevia Manager Protocollo MQTT con shelly Cos&#8217;\u00e8 un topic e cos&#8217;\u00e8 un payload Come configurare il software MQTT fx Come trovare l&#8217;ID del dispositivo [&hellip;]<\/p>\n","protected":false},"author":3,"featured_media":0,"parent":0,"menu_order":0,"comment_status":"closed","ping_status":"closed","template":"","meta":{"_et_pb_use_builder":"on","_et_pb_old_content":"","_et_gb_content_width":"","inline_featured_image":false,"footnotes":""},"class_list":["post-21786","page","type-page","status-publish","hentry"],"yoast_head":"<!-- This site is optimized with the Yoast SEO plugin v27.4 - https:\/\/yoast.com\/product\/yoast-seo-wordpress\/ -->\n<title>Integrazione protocollo MQTT | Ilevia Support<\/title>\n<meta name=\"description\" content=\"Qu\u00ec potrai trovare tutte le informazioni necessarie per l&#039;integrazione di dispositivi shelly con protocollo MQTT nel sistema EVE.\" \/>\n<meta name=\"robots\" content=\"index, follow, max-snippet:-1, max-image-preview:large, max-video-preview:-1\" \/>\n<link rel=\"canonical\" href=\"https:\/\/support.ilevia.com\/en\/mqtt-protocol-integration\/\" \/>\n<meta name=\"twitter:label1\" content=\"Tempo di lettura stimato\" \/>\n\t<meta name=\"twitter:data1\" content=\"4 minuti\" \/>\n<script type=\"application\/ld+json\" class=\"yoast-schema-graph\">{\"@context\":\"https:\\\/\\\/schema.org\",\"@graph\":[{\"@type\":\"WebPage\",\"@id\":\"https:\\\/\\\/support.ilevia.com\\\/en\\\/mqtt-protocol-integration\\\/\",\"url\":\"https:\\\/\\\/support.ilevia.com\\\/en\\\/mqtt-protocol-integration\\\/\",\"name\":\"Integrazione protocollo MQTT | Ilevia Support\",\"isPartOf\":{\"@id\":\"https:\\\/\\\/support.ilevia.com\\\/en\\\/#website\"},\"datePublished\":\"2020-09-08T08:52:21+00:00\",\"dateModified\":\"2025-08-07T07:10:36+00:00\",\"description\":\"Qu\u00ec potrai trovare tutte le informazioni necessarie per l'integrazione di dispositivi shelly con protocollo MQTT nel sistema EVE.\",\"breadcrumb\":{\"@id\":\"https:\\\/\\\/support.ilevia.com\\\/en\\\/mqtt-protocol-integration\\\/#breadcrumb\"},\"inLanguage\":\"it-IT\",\"potentialAction\":[{\"@type\":\"ReadAction\",\"target\":[\"https:\\\/\\\/support.ilevia.com\\\/en\\\/mqtt-protocol-integration\\\/\"]}]},{\"@type\":\"BreadcrumbList\",\"@id\":\"https:\\\/\\\/support.ilevia.com\\\/en\\\/mqtt-protocol-integration\\\/#breadcrumb\",\"itemListElement\":[{\"@type\":\"ListItem\",\"position\":1,\"name\":\"Home\",\"item\":\"https:\\\/\\\/support.ilevia.com\\\/it\\\/\"},{\"@type\":\"ListItem\",\"position\":2,\"name\":\"Integrazione protocollo MQTT\"}]},{\"@type\":\"WebSite\",\"@id\":\"https:\\\/\\\/support.ilevia.com\\\/en\\\/#website\",\"url\":\"https:\\\/\\\/support.ilevia.com\\\/en\\\/\",\"name\":\"Ilevia Support\",\"description\":\"Assistance &amp; Technical Guides\",\"publisher\":{\"@id\":\"https:\\\/\\\/support.ilevia.com\\\/en\\\/#organization\"},\"potentialAction\":[{\"@type\":\"SearchAction\",\"target\":{\"@type\":\"EntryPoint\",\"urlTemplate\":\"https:\\\/\\\/support.ilevia.com\\\/en\\\/?s={search_term_string}\"},\"query-input\":{\"@type\":\"PropertyValueSpecification\",\"valueRequired\":true,\"valueName\":\"search_term_string\"}}],\"inLanguage\":\"it-IT\"},{\"@type\":\"Organization\",\"@id\":\"https:\\\/\\\/support.ilevia.com\\\/en\\\/#organization\",\"name\":\"Ilevia\",\"url\":\"https:\\\/\\\/support.ilevia.com\\\/en\\\/\",\"logo\":{\"@type\":\"ImageObject\",\"inLanguage\":\"it-IT\",\"@id\":\"https:\\\/\\\/support.ilevia.com\\\/en\\\/#\\\/schema\\\/logo\\\/image\\\/\",\"url\":\"http:\\\/\\\/support.ilevia.com\\\/wp-content\\\/uploads\\\/2018\\\/12\\\/ilevia.png\",\"contentUrl\":\"http:\\\/\\\/support.ilevia.com\\\/wp-content\\\/uploads\\\/2018\\\/12\\\/ilevia.png\",\"width\":500,\"height\":500,\"caption\":\"Ilevia\"},\"image\":{\"@id\":\"https:\\\/\\\/support.ilevia.com\\\/en\\\/#\\\/schema\\\/logo\\\/image\\\/\"},\"sameAs\":[\"https:\\\/\\\/www.facebook.com\\\/ileviaofficial\\\/\",\"https:\\\/\\\/www.instagram.com\\\/ilevia_official\\\/\",\"https:\\\/\\\/it.linkedin.com\\\/company\\\/ilevia\\\/\",\"https:\\\/\\\/www.youtube.com\\\/ilevia\\\/\"]}]}<\/script>\n<!-- \/ Yoast SEO plugin. -->","yoast_head_json":{"title":"Integrazione protocollo MQTT | Ilevia Support","description":"Qu\u00ec potrai trovare tutte le informazioni necessarie per l'integrazione di dispositivi shelly con protocollo MQTT nel sistema EVE.","robots":{"index":"index","follow":"follow","max-snippet":"max-snippet:-1","max-image-preview":"max-image-preview:large","max-video-preview":"max-video-preview:-1"},"canonical":"https:\/\/support.ilevia.com\/en\/mqtt-protocol-integration\/","twitter_misc":{"Tempo di lettura stimato":"4 minuti"},"schema":{"@context":"https:\/\/schema.org","@graph":[{"@type":"WebPage","@id":"https:\/\/support.ilevia.com\/en\/mqtt-protocol-integration\/","url":"https:\/\/support.ilevia.com\/en\/mqtt-protocol-integration\/","name":"Integrazione protocollo MQTT | Ilevia Support","isPartOf":{"@id":"https:\/\/support.ilevia.com\/en\/#website"},"datePublished":"2020-09-08T08:52:21+00:00","dateModified":"2025-08-07T07:10:36+00:00","description":"Qu\u00ec potrai trovare tutte le informazioni necessarie per l'integrazione di dispositivi shelly con protocollo MQTT nel sistema EVE.","breadcrumb":{"@id":"https:\/\/support.ilevia.com\/en\/mqtt-protocol-integration\/#breadcrumb"},"inLanguage":"it-IT","potentialAction":[{"@type":"ReadAction","target":["https:\/\/support.ilevia.com\/en\/mqtt-protocol-integration\/"]}]},{"@type":"BreadcrumbList","@id":"https:\/\/support.ilevia.com\/en\/mqtt-protocol-integration\/#breadcrumb","itemListElement":[{"@type":"ListItem","position":1,"name":"Home","item":"https:\/\/support.ilevia.com\/it\/"},{"@type":"ListItem","position":2,"name":"Integrazione protocollo MQTT"}]},{"@type":"WebSite","@id":"https:\/\/support.ilevia.com\/en\/#website","url":"https:\/\/support.ilevia.com\/en\/","name":"Ilevia Support","description":"Assistance &amp; Technical Guides","publisher":{"@id":"https:\/\/support.ilevia.com\/en\/#organization"},"potentialAction":[{"@type":"SearchAction","target":{"@type":"EntryPoint","urlTemplate":"https:\/\/support.ilevia.com\/en\/?s={search_term_string}"},"query-input":{"@type":"PropertyValueSpecification","valueRequired":true,"valueName":"search_term_string"}}],"inLanguage":"it-IT"},{"@type":"Organization","@id":"https:\/\/support.ilevia.com\/en\/#organization","name":"Ilevia","url":"https:\/\/support.ilevia.com\/en\/","logo":{"@type":"ImageObject","inLanguage":"it-IT","@id":"https:\/\/support.ilevia.com\/en\/#\/schema\/logo\/image\/","url":"http:\/\/support.ilevia.com\/wp-content\/uploads\/2018\/12\/ilevia.png","contentUrl":"http:\/\/support.ilevia.com\/wp-content\/uploads\/2018\/12\/ilevia.png","width":500,"height":500,"caption":"Ilevia"},"image":{"@id":"https:\/\/support.ilevia.com\/en\/#\/schema\/logo\/image\/"},"sameAs":["https:\/\/www.facebook.com\/ileviaofficial\/","https:\/\/www.instagram.com\/ilevia_official\/","https:\/\/it.linkedin.com\/company\/ilevia\/","https:\/\/www.youtube.com\/ilevia\/"]}]}},"_links":{"self":[{"href":"https:\/\/support.ilevia.com\/it\/wp-json\/wp\/v2\/pages\/21786","targetHints":{"allow":["GET"]}}],"collection":[{"href":"https:\/\/support.ilevia.com\/it\/wp-json\/wp\/v2\/pages"}],"about":[{"href":"https:\/\/support.ilevia.com\/it\/wp-json\/wp\/v2\/types\/page"}],"author":[{"embeddable":true,"href":"https:\/\/support.ilevia.com\/it\/wp-json\/wp\/v2\/users\/3"}],"replies":[{"embeddable":true,"href":"https:\/\/support.ilevia.com\/it\/wp-json\/wp\/v2\/comments?post=21786"}],"version-history":[{"count":77,"href":"https:\/\/support.ilevia.com\/it\/wp-json\/wp\/v2\/pages\/21786\/revisions"}],"predecessor-version":[{"id":81249,"href":"https:\/\/support.ilevia.com\/it\/wp-json\/wp\/v2\/pages\/21786\/revisions\/81249"}],"wp:attachment":[{"href":"https:\/\/support.ilevia.com\/it\/wp-json\/wp\/v2\/media?parent=21786"}],"curies":[{"name":"wp","href":"https:\/\/api.w.org\/{rel}","templated":true}]}}